{"id":272,"date":"2014-03-12T07:44:02","date_gmt":"2014-03-12T06:44:02","guid":{"rendered":"http:\/\/oise-echecs.fr\/?page_id=272"},"modified":"2026-03-02T17:22:45","modified_gmt":"2026-03-02T16:22:45","slug":"documents-2","status":"publish","type":"page","link":"http:\/\/oise-echecs.fr\/?page_id=272","title":{"rendered":"CDJEO > Documents"},"content":{"rendered":"<hr \/>\n<h4>Statuts<\/h4>\n<ul>\n<li><a href=\"http:\/\/oise-echecs.fr\/wp-content\/uploads\/2025\/05\/STATUTS-CDJE-OISE-2025.pdf\" target=\"_blank\" rel=\"noopener noreferrer\">STATUTS CDJE-OISE-2025<\/a><\/li>\n<\/ul>\n<h4>R\u00e8glement Int\u00e9rieur<\/h4>\n<ul>\n<li><a href=\"http:\/\/oise-echecs.fr\/wp-content\/uploads\/2025\/05\/RI-CDJE-OISE-2025.pdf\" target=\"_blank\" rel=\"noopener noreferrer\">RI CDJE-OISE-2025<\/a><\/li>\n<\/ul>\n<h4>R\u00e8glement financier<\/h4>\n<ul>\n<li><a href=\"http:\/\/oise-echecs.fr\/wp-content\/uploads\/2018\/03\/Reglement-Financier-CDJEO-2017.pdf\" target=\"_blank\" rel=\"noopener noreferrer\">R\u00e8glement Financier CDJEO 2017<\/a><\/li>\n<\/ul>\n<h4>Comp\u00e9titions<\/h4>\n<ul>\n<li><a href=\"http:\/\/oise-echecs.fr\/wp-content\/uploads\/2016\/10\/organisation-competitions-16-17-CDJEO.pdf\" target=\"_blank\" rel=\"noopener noreferrer\">Proc\u00e9dure sur les comp\u00e9titons dans l&rsquo;Oise et g\u00e9r\u00e9es par le CDJEO<\/a><\/li>\n<\/ul>\n<h4>Proc\u00e8s verbaux<\/h4>\n<ul>\n<li><a href=\"http:\/\/oise-echecs.fr\/wp-content\/uploads\/2025\/10\/AG-du-130925.pdf\">CR AG Oise 13\/09\/2025<\/a><\/li>\n<li><a href=\"http:\/\/oise-echecs.fr\/wp-content\/uploads\/2025\/05\/Compte_Rendu_AG_Extra_CDJE_Oise_202505507-2.pdf\">CR AG Extraordinaire 07\/05\/2025<\/a><\/li>\n<li><a href=\"http:\/\/oise-echecs.fr\/wp-content\/uploads\/2025\/03\/20250312161541236.pdf\">CR AG Elective Oise 22\/02\/2025<\/a><\/li>\n<li><a href=\"http:\/\/oise-echecs.fr\/wp-content\/uploads\/2024\/11\/CR-AG-Oise-091124-version3.pdf\">CR AG Oise 09\/11\/2024<\/a><\/li>\n<\/ul>\n<ul>\n<li><a href=\"http:\/\/oise-echecs.fr\/wp-content\/uploads\/2026\/03\/Reunion-du-18_02_26.pdf\">CR Comit\u00e9 directeur\u00a0 18\/02\/2026<\/a><\/li>\n<\/ul>\n<h4>Rapport moral<\/h4>\n<ul>\n<li><a href=\"http:\/\/oise-echecs.fr\/wp-content\/uploads\/2025\/10\/Raport-Moral_2025.pdf\">Rapport moral 13\/09\/2025<\/a><\/li>\n<li><a href=\"http:\/\/oise-echecs.fr\/wp-content\/uploads\/2024\/11\/Rapport-moral-du-09112024.pdf\">Rapport moral 09\/11\/2024<\/a><\/li>\n<\/ul>\n<h4>Rapport d&rsquo;activit\u00e9<\/h4>\n<ul>\n<li><a href=\"http:\/\/oise-echecs.fr\/wp-content\/uploads\/2025\/10\/Rapport-dactivite-2025.pdf\">Rapport d&rsquo;activit\u00e9 13\/09\/2025<\/a><\/li>\n<li><a href=\"http:\/\/oise-echecs.fr\/wp-content\/uploads\/2024\/11\/rapport-activite-09112024.pdf\">Rapport d&rsquo;activit\u00e9 09\/11\/2024<\/a><\/li>\n<\/ul>\n<h4>Chartes<\/h4>\n<ul>\n<li><a href=\"http:\/\/oise-echecs.fr\/wp-content\/uploads\/2014\/03\/doc-cdjeo-008.pdf\" target=\"_blank\" rel=\"noopener noreferrer\">Charte du joueur d&rsquo;\u00e9checs &#8211; FFE<\/a><\/li>\n<\/ul>\n<h4>Documents m\u00e9dicaux<\/h4>\n<ul>\n<li><a href=\"http:\/\/oise-echecs.fr\/wp-content\/uploads\/2019\/09\/02-3_certificat_medical_QS-SPORT_cerfa_15699-01.pdf\" target=\"_blank\" rel=\"noopener noreferrer\">Questionnaire de sant\u00e9 \u00ab\u00a0QS-SPORT\u00a0\u00bb<\/a><\/li>\n<li><a href=\"http:\/\/oise-echecs.fr\/wp-content\/uploads\/2019\/09\/02-2_certificat_medical__attestation_absence_contre-indication_pratique_sportive.pdf\" target=\"_blank\" rel=\"noopener noreferrer\">Attestation d&rsquo;absence de contre-indication \u00e0 la pratique sportive<\/a><\/li>\n<\/ul>\n<h4>Divers<\/h4>\n<ul>\n<li><a href=\"http:\/\/oise-echecs.fr\/wp-content\/uploads\/2018\/04\/D\u00e9claration-responsabilit\u00e9-type-1.pdf\" target=\"_blank\" rel=\"noopener noreferrer\">D\u00e9claration responsabilit\u00e9 type-1<\/a><\/li>\n<\/ul>\n<h4>Promotion des Echecs<\/h4>\n<ul>\n<li><a href=\"http:\/\/oise-echecs.fr\/wp-content\/uploads\/2014\/03\/doc-cdjeo-004.pdf\" target=\"_blank\" rel=\"noopener noreferrer\">Comp\u00e9tences d\u00e9velopp\u00e9es par la pratique des Echecs<\/a><\/li>\n<li><a href=\"http:\/\/oise-echecs.fr\/wp-content\/uploads\/2017\/12\/diplome.pdf\" target=\"_blank\" rel=\"noopener noreferrer\">Dipl\u00f4me \u00ab Oise Echecs \u00bb Niveau Pion<\/a><\/li>\n<\/ul>\n<h4>Initiation<\/h4>\n<ul>\n<li><a href=\"http:\/\/oise-echecs.fr\/wp-content\/uploads\/2014\/03\/doc-cdjeo-005.pdf\" target=\"_blank\" rel=\"noopener noreferrer\">Pr\u00e9sentation des r\u00e8gles du jeu d&rsquo;\u00e9checs &#8211; FFE<\/a><\/li>\n<li><a href=\"http:\/\/oise-echecs.fr\/wp-content\/uploads\/2014\/03\/doc-cdjeo-006.pdf\" target=\"_blank\" rel=\"noopener noreferrer\">Dipl\u00f4me d&rsquo;Initiateur &#8211; DIFFE &#8211; FFE<\/a><\/li>\n<li><a href=\"http:\/\/oise-echecs.fr\/wp-content\/uploads\/2017\/12\/QCM-Diplome.pdf\" target=\"_blank\" rel=\"noopener noreferrer\">Examen \u00ab Oise Echecs \u00bb &#8211; QCM &#8211; Niveau Pion<\/a><\/li>\n<\/ul>\n<h4>Education<\/h4>\n<ul>\n<li><a href=\"http:\/\/oise-echecs.fr\/wp-content\/uploads\/2014\/03\/doc-cdjeo-007.pdf\" target=\"_blank\" rel=\"noopener noreferrer\">Convention avec l&rsquo;Education Nationale 2011\/2013 &#8211; FFE<\/a><\/li>\n<\/ul>\n","protected":false},"excerpt":{"rendered":"<p>Statuts STATUTS CDJE-OISE-2025 R\u00e8glement Int\u00e9rieur RI CDJE-OISE-2025 R\u00e8glement financier R\u00e8glement Financier CDJEO 2017 Comp\u00e9titions Proc\u00e9dure sur les comp\u00e9titons dans l&rsquo;Oise<\/p>\n","protected":false},"author":1,"featured_media":0,"parent":12,"menu_order":0,"comment_status":"closed","ping_status":"closed","template":"","meta":{"colormag_page_container_layout":"default_layout","colormag_page_sidebar_layout":"default_layout","jetpack_post_was_ever_published":false,"footnotes":""},"class_list":["post-272","page","type-page","status-publish","hentry"],"jetpack_sharing_enabled":true,"jetpack_shortlink":"https:\/\/wp.me\/P90hcv-4o","_links":{"self":[{"href":"http:\/\/oise-echecs.fr\/index.php?rest_route=\/wp\/v2\/pages\/272","targetHints":{"allow":["GET"]}}],"collection":[{"href":"http:\/\/oise-echecs.fr\/index.php?rest_route=\/wp\/v2\/pages"}],"about":[{"href":"http:\/\/oise-echecs.fr\/index.php?rest_route=\/wp\/v2\/types\/page"}],"author":[{"embeddable":true,"href":"http:\/\/oise-echecs.fr\/index.php?rest_route=\/wp\/v2\/users\/1"}],"replies":[{"embeddable":true,"href":"http:\/\/oise-echecs.fr\/index.php?rest_route=%2Fwp%2Fv2%2Fcomments&post=272"}],"version-history":[{"count":103,"href":"http:\/\/oise-echecs.fr\/index.php?rest_route=\/wp\/v2\/pages\/272\/revisions"}],"predecessor-version":[{"id":13476,"href":"http:\/\/oise-echecs.fr\/index.php?rest_route=\/wp\/v2\/pages\/272\/revisions\/13476"}],"up":[{"embeddable":true,"href":"http:\/\/oise-echecs.fr\/index.php?rest_route=\/wp\/v2\/pages\/12"}],"wp:attachment":[{"href":"http:\/\/oise-echecs.fr\/index.php?rest_route=%2Fwp%2Fv2%2Fmedia&parent=272"}],"curies":[{"name":"wp","href":"https:\/\/api.w.org\/{rel}","templated":true}]}}