{"id":8,"date":"2014-03-10T08:55:43","date_gmt":"2014-03-10T08:55:43","guid":{"rendered":"http:\/\/oise-echecs.fr\/?page_id=8"},"modified":"2024-10-23T11:28:27","modified_gmt":"2024-10-23T10:28:27","slug":"gpo","status":"publish","type":"page","link":"http:\/\/oise-echecs.fr\/?page_id=8","title":{"rendered":"GRAND PRIX DE L&rsquo;OISE"},"content":{"rendered":"<hr \/>\n<h4><a href=\"http:\/\/oise-echecs.fr\/?page_id=241\"><i class=\"fas fa-toggle-on\"><\/i> Edition actuelle<\/a><\/h4>\n<h4><a href=\"http:\/\/oise-echecs.fr\/?page_id=243\"><i class=\"fas fa-toggle-off\"><\/i> Editions pr\u00e9c\u00e9dentes<\/a><\/h4>\n<h4><a href=\"https:\/\/oise-echecs.fr\/?page_id=12387\"><i class=\"fas fa-camera\"><\/i> Galerie photos<\/a><\/h4>\n<p style=\"padding-left: 40px;\">Organis\u00e9 par le CDJEO, \u00ab\u00a0le GPO\u00a0\u00bb, Grand Prix de l&rsquo;Oise, est une comp\u00e9tition conviviale, se d\u00e9roulant principalement les dimanches apr\u00e8s-midi. Tournoi en cadence rapide, il est r\u00e9serv\u00e9 aux licenci\u00e9s isariens et permet notamment aux d\u00e9butants d&rsquo;aborder le jeu en comp\u00e9tition. Il se d\u00e9roule en plusieurs \u00e9tapes dans diff\u00e9rentes villes du d\u00e9partement. Initi\u00e9 par Luc Fancelli, depuis 2005, son succ\u00e8s ne se d\u00e9ment pas.<\/p>\n<p style=\"padding-left: 40px;\"><strong>Le r\u00e8glement simplifi\u00e9 en vigueur :<\/strong> <a href=\"https:\/\/oise-echecs.fr\/wp-content\/uploads\/2019\/10\/Extrait-RIGCOv8.pdf\" target=\"_blank\" rel=\"attachment noopener wp-att-8118 noreferrer\">Extrait RIGCOv8<\/a><\/p>\n<p style=\"padding-left: 40px;\"><strong>Cat\u00e9gories d&rsquo;\u00e2ges sp\u00e9cifiques au GPO :<\/strong><\/p>\n<ul>\n<li style=\"list-style-type: none;\">\n<ul>\n<li>As : s\u00e9nior ; s\u00e9nior+ ; v\u00e9t\u00e9rans<\/li>\n<li>Roi ou Reine : cadet ; junior ; U18 ; U20<\/li>\n<li>Valet ou Dame : benjamin ; minime ; U14 ; U16<\/li>\n<li>Cavalier ou Cavali\u00e8re : petit poussin ; poussin ; pupille ; U8 ; U10 ; U12<\/li>\n<\/ul>\n<\/li>\n<\/ul>\n<p style=\"padding-left: 40px;\"><em> Les r\u00e9compenses sont remises \u00e0 la 1\u00e8re \u00e9tape du GPO de la saison suivante.<br \/>\n<\/em><\/p>\n<hr \/>\n<h4 style=\"text-align: left;\">Podiums historiques<\/h4>\n<table style=\"font-size: small; color: white;\">\n<thead>\n<tr>\n<td style=\"text-align: left; color: gold; background-color: royalblue;\" colspan=\"11\"><i class=\"fa fa-trophy fa-fw\" style=\"color: gold;\"><\/i> Couleur or : le 1er ou la 1\u00e8re toutes cat\u00e9gories confondues<\/td>\n<\/tr>\n<\/thead>\n<tbody>\n<tr style=\"background-color: darkslateblue;\">\n<th>SAISON<\/th>\n<th class=\"sortless\" style=\"text-align: center;\">Rondes<\/th>\n<th class=\"sortless\" style=\"text-align: center;\">Joueurs<\/th>\n<th class=\"sortless\" style=\"text-align: center;\">As<\/th>\n<th class=\"sortless\" style=\"text-align: center;\">2nd As<\/th>\n<th class=\"sortless\" style=\"text-align: center;\">Roi ou Reine<\/th>\n<th class=\"sortless\" style=\"text-align: center;\">2nd Roi ou Reine<\/th>\n<th class=\"sortless\" style=\"text-align: center;\">Valet ou Dame<\/th>\n<th class=\"sortless\" style=\"text-align: center;\">2nd Valet ou Dame<\/th>\n<th class=\"sortless\" style=\"text-align: center;\">Cavalier(e)<\/th>\n<th class=\"sortless\" style=\"text-align: center;\">2nd Cavalier(e)<\/th>\n<\/tr>\n<\/tbody>\n<tbody>\n<tr style=\"background-color: mediumslateblue;\">\n<td style=\"text-align: center;\" rowspan=\"2\">2023\/2024<\/td>\n<td style=\"text-align: center;\" rowspan=\"2\">7<\/td>\n<td style=\"text-align: center;\" rowspan=\"2\">118<\/td>\n<td style=\"text-align: center;\">Benjamin<\/td>\n<td style=\"text-align: center;\">Pascal<\/td>\n<td style=\"color: gold; background-color: royalblue; text-align: center;\">Maxime<\/td>\n<td style=\"text-align: center;\">Levon<\/td>\n<td style=\"text-align: center;\">Loris<\/td>\n<td style=\"text-align: center;\">Simon<\/td>\n<td style=\"text-align: center;\">Alexandre<\/td>\n<td style=\"text-align: center;\">Lucas<\/td>\n<\/tr>\n<tr style=\"background-color: mediumslateblue;\">\n<td style=\"text-align: center;\">Calleja<\/td>\n<td style=\"text-align: center;\">Plessier<\/td>\n<td style=\"color: gold; background-color: royalblue; text-align: center;\">Robert<\/td>\n<td style=\"text-align: center;\">Rychtarik Noubaryan<\/td>\n<td style=\"text-align: center;\">Rychtarik Noubaryan<\/td>\n<td style=\"text-align: center;\">Scherpereel<\/td>\n<td style=\"text-align: center;\">Romero<\/td>\n<td style=\"text-align: center;\">Thuilliez<\/td>\n<\/tr>\n<tr style=\"background-color: mediumpurple;\">\n<td style=\"text-align: center;\" rowspan=\"2\">2022\/2023<\/td>\n<td style=\"text-align: center;\" rowspan=\"2\">7<\/td>\n<td style=\"text-align: center;\" rowspan=\"2\">146<\/td>\n<td style=\"color: gold; background-color: royalblue; text-align: center;\">Thomas<\/td>\n<td style=\"text-align: center;\">Benjamin<\/td>\n<td style=\"text-align: center;\">Vincent<\/td>\n<td style=\"text-align: center;\">Levon<\/td>\n<td style=\"text-align: center;\">Maxime<\/td>\n<td style=\"text-align: center;\">Ilyess<\/td>\n<td style=\"text-align: center;\">Adrien<\/td>\n<td style=\"text-align: center;\">Alexandre<\/td>\n<\/tr>\n<tr style=\"background-color: mediumpurple;\">\n<td style=\"color: gold; background-color: royalblue; text-align: center;\">Frazao<\/td>\n<td style=\"text-align: center;\">Calleja<\/td>\n<td style=\"text-align: center;\">Bouquillon<\/td>\n<td style=\"text-align: center;\">Rychtarik Noubayan<\/td>\n<td style=\"text-align: center;\">Robert<\/td>\n<td style=\"text-align: center;\">Bida<\/td>\n<td style=\"text-align: center;\">Frazao<\/td>\n<td style=\"text-align: center;\">Romero<\/td>\n<\/tr>\n<tr style=\"background-color: mediumslateblue;\">\n<td style=\"text-align: center;\" rowspan=\"2\">2021\/2022<\/td>\n<td style=\"text-align: center;\" rowspan=\"2\">7<\/td>\n<td style=\"text-align: center;\" rowspan=\"2\">144<\/td>\n<td style=\"color: gold; background-color: royalblue; text-align: center;\">Mawloud<\/td>\n<td style=\"text-align: center;\">Velten<\/td>\n<td style=\"text-align: center;\">Thomas<\/td>\n<td style=\"text-align: center;\">Nina-Armand<\/td>\n<td style=\"text-align: center;\">Maxime<\/td>\n<td style=\"text-align: center;\">Constantin<\/td>\n<td style=\"text-align: center;\">Zayne-Eddine<\/td>\n<td style=\"text-align: center;\">Bassam<\/td>\n<\/tr>\n<tr style=\"background-color: mediumslateblue;\">\n<td style=\"color: gold; background-color: royalblue; text-align: center;\">Omar<\/td>\n<td style=\"text-align: center;\">Straub<\/td>\n<td style=\"text-align: center;\">Frazao<\/td>\n<td style=\"text-align: center;\">Saleh<\/td>\n<td style=\"text-align: center;\">Robert<\/td>\n<td style=\"text-align: center;\">Baciu<\/td>\n<td style=\"text-align: center;\">El Zein<\/td>\n<td style=\"text-align: center;\">El Zein<\/td>\n<\/tr>\n<tr style=\"background-color: mediumpurple;\">\n<td style=\"text-align: center;\" rowspan=\"2\">2019\/2020<\/td>\n<td style=\"text-align: center;\" rowspan=\"2\">5<\/td>\n<td style=\"text-align: center;\" rowspan=\"2\">123<\/td>\n<td style=\"text-align: center;\">Mawloud<\/td>\n<td style=\"text-align: center;\">Gervais<\/td>\n<td style=\"text-align: center;\">Simon<\/td>\n<td style=\"text-align: center;\">Thomas<\/td>\n<td style=\"text-align: center; color: gold; background-color: royalblue;\">Maxime<\/td>\n<td style=\"text-align: center;\">Marie-H\u00e9l\u00e8ne<\/td>\n<td style=\"text-align: center;\">Xavier<\/td>\n<td style=\"text-align: center;\">Constantin<\/td>\n<\/tr>\n<tr style=\"background-color: mediumpurple;\">\n<td style=\"text-align: center;\">Omar<\/td>\n<td style=\"text-align: center;\">Maupin<\/td>\n<td style=\"text-align: center;\">Prud&rsquo;homme<\/td>\n<td style=\"text-align: center;\">Frazao<\/td>\n<td style=\"color: gold; background-color: royalblue; text-align: center;\">Robert<\/td>\n<td style=\"text-align: center;\">Cl\u00e9ment<\/td>\n<td style=\"text-align: center;\">Soyer<\/td>\n<td style=\"text-align: center;\">Baciu<\/td>\n<\/tr>\n<tr style=\"background-color: mediumslateblue;\">\n<td style=\"text-align: center;\" rowspan=\"2\">2018\/2019<\/td>\n<td style=\"text-align: center;\" rowspan=\"2\">9<\/td>\n<td style=\"text-align: center;\" rowspan=\"2\">156<\/td>\n<td style=\"text-align: center; color: gold; background-color: royalblue;\">Cyril<\/td>\n<td style=\"text-align: center;\">Iris<\/td>\n<td style=\"text-align: center;\">Thomas<\/td>\n<td style=\"text-align: center;\">Nima-Armand<\/td>\n<td style=\"text-align: center;\">Maxence<\/td>\n<td style=\"text-align: center;\">Marie-H\u00e9l\u00e8ne<\/td>\n<td style=\"text-align: center;\">Maxime<\/td>\n<td style=\"text-align: center;\">Constantin<\/td>\n<\/tr>\n<tr style=\"background-color: mediumslateblue;\">\n<td style=\"color: gold; background-color: royalblue; text-align: center;\">Le Brech<\/td>\n<td style=\"text-align: center;\">De Kerhor<\/td>\n<td style=\"text-align: center;\">Frazao<\/td>\n<td style=\"text-align: center;\">Saleh<\/td>\n<td style=\"text-align: center;\">Carbonneaux<\/td>\n<td style=\"text-align: center;\">Cl\u00e9ment<\/td>\n<td style=\"text-align: center;\">Robert<\/td>\n<td style=\"text-align: center;\">Baciu<\/td>\n<\/tr>\n<tr style=\"background-color: mediumpurple;\">\n<td style=\"text-align: center;\" rowspan=\"2\">2017\/2018<\/td>\n<td style=\"text-align: center;\" rowspan=\"2\">9<\/td>\n<td style=\"text-align: center;\" rowspan=\"2\">173<\/td>\n<td style=\"text-align: center; color: gold; background-color: royalblue;\">Cyril<\/td>\n<td style=\"text-align: center;\">Iris<\/td>\n<td style=\"text-align: center;\">Farrel<\/td>\n<td style=\"text-align: center;\">L\u00e9andre<\/td>\n<td style=\"text-align: center;\">Thomas<\/td>\n<td style=\"text-align: center;\">Maxence<\/td>\n<td style=\"text-align: center;\">Maxime<\/td>\n<td style=\"text-align: center;\">Mehdi<\/td>\n<\/tr>\n<tr style=\"background-color: mediumpurple;\">\n<td style=\"color: gold; background-color: royalblue; text-align: center;\">Le Brech<\/td>\n<td style=\"text-align: center;\">De Kerhor<\/td>\n<td style=\"text-align: center;\">Iffour<\/td>\n<td style=\"text-align: center;\">Kablan<\/td>\n<td style=\"text-align: center;\">Frazao<\/td>\n<td style=\"text-align: center;\">Carbonneaux<\/td>\n<td style=\"text-align: center;\">Robert<\/td>\n<td style=\"text-align: center;\">Zejli<\/td>\n<\/tr>\n<tr style=\"background-color: mediumslateblue;\">\n<td style=\"text-align: center;\" rowspan=\"2\">2016\/2017<\/td>\n<td style=\"text-align: center;\" rowspan=\"2\">7<\/td>\n<td style=\"text-align: center;\" rowspan=\"2\">165<\/td>\n<td style=\"text-align: center; color: gold; background-color: royalblue;\">Cyril<\/td>\n<td style=\"text-align: center;\">Guillaume<\/td>\n<td style=\"text-align: center;\">Riad<\/td>\n<td style=\"text-align: center;\">C\u00e9dric<\/td>\n<td style=\"text-align: center;\">Maxence<\/td>\n<td style=\"text-align: center;\">Marie-H\u00e9l\u00e8ne<\/td>\n<td style=\"text-align: center;\">Pierre-Emmanuel<\/td>\n<td style=\"text-align: center;\">Maxime<\/td>\n<\/tr>\n<tr style=\"background-color: mediumslateblue;\">\n<td style=\"color: gold; background-color: royalblue; text-align: center;\">Le Brech<\/td>\n<td style=\"text-align: center;\">Minart<\/td>\n<td style=\"text-align: center;\">Khalid<\/td>\n<td style=\"text-align: center;\">Fontaine<\/td>\n<td style=\"text-align: center;\">Carbonneaux<\/td>\n<td style=\"text-align: center;\">Cl\u00e9ment<\/td>\n<td style=\"text-align: center;\">Cl\u00e9ment<\/td>\n<td style=\"text-align: center;\">Robert<\/td>\n<\/tr>\n<tr style=\"background-color: mediumpurple;\">\n<td style=\"text-align: center;\" rowspan=\"2\">2015\/2016<\/td>\n<td style=\"text-align: center;\" rowspan=\"2\">7<\/td>\n<td style=\"text-align: center;\" rowspan=\"2\">164<\/td>\n<td style=\"text-align: center;\">Cyril<\/td>\n<td style=\"text-align: center;\">Iris<\/td>\n<td style=\"text-align: center; color: gold; background-color: royalblue;\">C\u00e9dric<\/td>\n<td style=\"text-align: center;\">Farrel<\/td>\n<td style=\"text-align: center;\">Hugo<\/td>\n<td style=\"text-align: center;\">Thomas<\/td>\n<td style=\"text-align: center;\">Medhi<\/td>\n<td style=\"text-align: center;\">Lilian<\/td>\n<\/tr>\n<tr style=\"background-color: mediumpurple;\">\n<td style=\"text-align: center;\">Le Brech<\/td>\n<td style=\"text-align: center;\">De Kerhor<\/td>\n<td style=\"text-align: center; color: gold; background-color: royalblue;\">Fontaine<\/td>\n<td style=\"text-align: center;\">Iffour<\/td>\n<td style=\"text-align: center;\">Legrand<\/td>\n<td style=\"text-align: center;\">Frazao<\/td>\n<td style=\"text-align: center;\">Zejli<\/td>\n<td style=\"text-align: center;\">Adelbrecht<\/td>\n<\/tr>\n<tr style=\"background-color: mediumslateblue;\">\n<td style=\"text-align: center;\" rowspan=\"2\">2014\/2015<\/td>\n<td style=\"text-align: center;\" rowspan=\"2\">7<\/td>\n<td style=\"text-align: center;\" rowspan=\"2\">117<\/td>\n<td style=\"text-align: center; color: gold; background-color: royalblue;\">Cyril<\/td>\n<td style=\"text-align: center;\">Iris<\/td>\n<td style=\"text-align: center;\">Antoine<\/td>\n<td style=\"text-align: center;\">Lucie<\/td>\n<td style=\"text-align: center;\">Hugo<\/td>\n<td style=\"text-align: center;\">Thomas<\/td>\n<td style=\"text-align: center;\">Maxence<\/td>\n<td style=\"text-align: center;\">Elise<\/td>\n<\/tr>\n<tr style=\"background-color: mediumslateblue;\">\n<td style=\"color: gold; background-color: royalblue; text-align: center;\">Le Brech<\/td>\n<td style=\"text-align: center;\">De Kerhor<\/td>\n<td style=\"text-align: center;\">Tabary<\/td>\n<td style=\"text-align: center;\">Pinel<\/td>\n<td style=\"text-align: center;\">Legrand<\/td>\n<td style=\"text-align: center;\">Frazao<\/td>\n<td style=\"text-align: center;\">Carbonneaux<\/td>\n<td style=\"text-align: center;\">Carbonneaux<\/td>\n<\/tr>\n<tr style=\"background-color: mediumpurple;\">\n<td style=\"text-align: center;\" rowspan=\"2\">2013\/2014<\/td>\n<td style=\"text-align: center;\" rowspan=\"2\">7<\/td>\n<td style=\"text-align: center;\" rowspan=\"2\">108<\/td>\n<td style=\"text-align: center;\">Manuel<\/td>\n<td style=\"text-align: center;\">Pascal<\/td>\n<td style=\"text-align: center; color: gold; background-color: royalblue;\">Cyril<\/td>\n<td style=\"text-align: center;\">Antoine<\/td>\n<td style=\"text-align: center;\">Hugo<\/td>\n<td style=\"text-align: center;\">Lucie<\/td>\n<td style=\"text-align: center;\">Maxence<\/td>\n<td style=\"text-align: center;\">Thomas<\/td>\n<\/tr>\n<tr style=\"background-color: mediumpurple;\">\n<td style=\"text-align: center;\">Mabire<\/td>\n<td style=\"text-align: center;\">Alexandre<\/td>\n<td style=\"text-align: center; color: gold; background-color: royalblue;\">Le Brech<\/td>\n<td style=\"text-align: center;\">Tabary<\/td>\n<td style=\"text-align: center;\">Legrand<\/td>\n<td style=\"text-align: center;\">Pinel<\/td>\n<td style=\"text-align: center;\">Carbonneaux<\/td>\n<td style=\"text-align: center;\">Frazao<\/td>\n<\/tr>\n<tr style=\"background-color: mediumslateblue;\">\n<td style=\"text-align: center;\" rowspan=\"2\">2012\/2013<\/td>\n<td style=\"text-align: center;\" rowspan=\"2\">8<\/td>\n<td style=\"text-align: center;\" rowspan=\"2\">99<\/td>\n<td style=\"text-align: center; color: gold; background-color: royalblue;\">Ali<\/td>\n<td style=\"text-align: center;\">Emmanuel<\/td>\n<td style=\"text-align: center;\">Cyril<\/td>\n<td style=\"text-align: center;\">Charles<\/td>\n<td style=\"text-align: center;\">Guillaume<\/td>\n<td style=\"text-align: center;\">Hugo<\/td>\n<td style=\"text-align: center;\">Thomas<\/td>\n<td style=\"text-align: center;\">Thomas<\/td>\n<\/tr>\n<tr style=\"background-color: mediumslateblue;\">\n<td style=\"text-align: center; color: gold; background-color: royalblue;\">Dadban<\/td>\n<td style=\"text-align: center;\">Lesueur<\/td>\n<td style=\"text-align: center;\">Le Brech<\/td>\n<td style=\"text-align: center;\">Martinet<\/td>\n<td style=\"text-align: center;\">Binet<\/td>\n<td style=\"text-align: center;\">Kessler<\/td>\n<td style=\"text-align: center;\">Frazao<\/td>\n<td style=\"text-align: center;\">Denis<\/td>\n<\/tr>\n<tr style=\"background-color: mediumpurple;\">\n<td style=\"text-align: center;\" rowspan=\"2\">2011\/2012<\/td>\n<td style=\"text-align: center;\" rowspan=\"2\">7<\/td>\n<td style=\"text-align: center;\" rowspan=\"2\">80<\/td>\n<td style=\"text-align: center; color: gold; background-color: royalblue;\">Jason<\/td>\n<td style=\"text-align: center;\">Sophie<\/td>\n<td style=\"text-align: center;\">Cyril<\/td>\n<td style=\"text-align: center;\">J\u00e9r\u00e9mie<\/td>\n<td style=\"text-align: center;\">Maxime<\/td>\n<td style=\"text-align: center;\">Elisabeth<\/td>\n<td style=\"text-align: center;\">Alexandre<\/td>\n<td style=\"text-align: center;\">Thomas<\/td>\n<\/tr>\n<tr style=\"background-color: mediumpurple;\">\n<td style=\"text-align: center; color: gold; background-color: royalblue;\">Adamwoski<\/td>\n<td style=\"text-align: center;\">Fancelli<\/td>\n<td style=\"text-align: center;\">Le Brech<\/td>\n<td style=\"text-align: center;\">Pretceille<\/td>\n<td style=\"text-align: center;\">Ronchetti<\/td>\n<td style=\"text-align: center;\">Gonzales<\/td>\n<td style=\"text-align: center;\">Argousse<\/td>\n<td style=\"text-align: center;\">Denis<\/td>\n<\/tr>\n<tr style=\"background-color: mediumslateblue;\">\n<td style=\"text-align: center;\" rowspan=\"2\">2010\/2011<\/td>\n<td style=\"text-align: center;\" rowspan=\"2\">7<\/td>\n<td style=\"text-align: center;\" rowspan=\"2\">95<\/td>\n<td style=\"text-align: center;\">Daniel<\/td>\n<td style=\"text-align: center;\">Emmanuel<\/td>\n<td style=\"text-align: center; color: gold; background-color: royalblue;\">J\u00e9r\u00e9mie<\/td>\n<td style=\"text-align: center;\">Cyril<\/td>\n<td style=\"text-align: center;\">Anne-Charlotte<\/td>\n<td style=\"text-align: center;\">Elisabeth<\/td>\n<td style=\"text-align: center;\">Maxime<\/td>\n<td style=\"text-align: center;\">Seyfedine<\/td>\n<\/tr>\n<tr style=\"background-color: mediumslateblue;\">\n<td style=\"text-align: center;\">Menard<\/td>\n<td style=\"text-align: center;\">Lesueur<\/td>\n<td style=\"text-align: center; color: gold; background-color: royalblue;\">Pretceille<\/td>\n<td style=\"text-align: center;\">Le Brech<\/td>\n<td style=\"text-align: center;\">Sauve<\/td>\n<td style=\"text-align: center;\">Gonzales<\/td>\n<td style=\"text-align: center;\">Ronchetti<\/td>\n<td style=\"text-align: center;\">Belhadj<\/td>\n<\/tr>\n<tr style=\"background-color: mediumpurple;\">\n<td style=\"text-align: center;\" rowspan=\"2\">2009\/2010<\/td>\n<td style=\"text-align: center;\" rowspan=\"2\">5<\/td>\n<td style=\"text-align: center;\" rowspan=\"2\">88<\/td>\n<td style=\"text-align: center; color: gold; background-color: royalblue;\">Sophie<\/td>\n<td style=\"text-align: center;\">Daniel<\/td>\n<td style=\"text-align: center;\">Jason<\/td>\n<td style=\"text-align: center;\">Emmanuelle<\/td>\n<td style=\"text-align: center;\">J\u00e9r\u00e9mie<\/td>\n<td style=\"text-align: center;\">Cyril<\/td>\n<td style=\"text-align: center;\">Maxime<\/td>\n<td style=\"text-align: center;\">Harold<\/td>\n<\/tr>\n<tr style=\"background-color: mediumpurple;\">\n<td style=\"text-align: center; color: gold; background-color: royalblue;\">Gertosio<\/td>\n<td style=\"text-align: center;\">Menard<\/td>\n<td style=\"text-align: center;\">Adamwoski<\/td>\n<td style=\"text-align: center;\">Dubois<\/td>\n<td style=\"text-align: center;\">Pretceille<\/td>\n<td style=\"text-align: center;\">Le Brech<\/td>\n<td style=\"text-align: center;\">Ronchetti<\/td>\n<td style=\"text-align: center;\">De Buyst<\/td>\n<\/tr>\n<tr style=\"background-color: mediumslateblue;\">\n<td style=\"text-align: center;\" rowspan=\"2\">2008\/2009<\/td>\n<td style=\"text-align: center;\" rowspan=\"2\">6<\/td>\n<td style=\"text-align: center;\" rowspan=\"2\">93<\/td>\n<td style=\"text-align: center;\">Sophie<\/td>\n<td style=\"text-align: center;\">Daniel<\/td>\n<td style=\"text-align: center;\">Iris<\/td>\n<td style=\"text-align: center;\">Thomas<\/td>\n<td style=\"text-align: center; color: gold; background-color: royalblue;\">J\u00e9r\u00e9mie<\/td>\n<td style=\"text-align: center;\">Cyril<\/td>\n<td style=\"text-align: center;\">Maxime<\/td>\n<td style=\"text-align: center;\">Harold<\/td>\n<\/tr>\n<tr style=\"background-color: mediumslateblue;\">\n<td style=\"text-align: center;\">Gertosio<\/td>\n<td style=\"text-align: center;\">Menard<\/td>\n<td style=\"text-align: center;\">De Kerhor<\/td>\n<td style=\"text-align: center;\">Rech<\/td>\n<td style=\"text-align: center; color: gold; background-color: royalblue;\">Pretceille<\/td>\n<td style=\"text-align: center;\">Le Brech<\/td>\n<td style=\"text-align: center;\">Ronchetti<\/td>\n<td style=\"text-align: center;\">De Buyst<\/td>\n<\/tr>\n<tr style=\"background-color: mediumpurple;\">\n<td style=\"text-align: center;\" rowspan=\"2\">2007\/2008<\/td>\n<td style=\"text-align: center;\" rowspan=\"2\">7<\/td>\n<td style=\"text-align: center;\" rowspan=\"2\">143<\/td>\n<td style=\"text-align: center; color: gold; background-color: royalblue;\">Sophie<\/td>\n<td style=\"text-align: center;\">Jean<\/td>\n<td style=\"text-align: center;\">Wilfried<\/td>\n<td style=\"text-align: center;\">Olivier<\/td>\n<td style=\"text-align: center;\">J\u00e9r\u00e9mie<\/td>\n<td style=\"text-align: center;\">Cl\u00e9ment<\/td>\n<td style=\"text-align: center;\">Ana\u00efs<\/td>\n<td style=\"text-align: center;\">Anthony<\/td>\n<\/tr>\n<tr style=\"background-color: mediumpurple;\">\n<td style=\"text-align: center; color: gold; background-color: royalblue;\">Gertosio<\/td>\n<td style=\"text-align: center;\">Quiniou<\/td>\n<td style=\"text-align: center;\">Schiettekatte<\/td>\n<td style=\"text-align: center;\">Lemaire<\/td>\n<td style=\"text-align: center;\">Preceille<\/td>\n<td style=\"text-align: center;\">Heudre<\/td>\n<td style=\"text-align: center;\">Dutarque<\/td>\n<td style=\"text-align: center;\">Van Poucke<\/td>\n<\/tr>\n<tr style=\"background-color: mediumslateblue;\">\n<td style=\"text-align: center;\" rowspan=\"2\">2006\/2007<\/td>\n<td style=\"text-align: center;\" rowspan=\"2\">6<\/td>\n<td style=\"text-align: center;\" rowspan=\"2\">99<\/td>\n<td style=\"text-align: center; color: gold; background-color: royalblue;\">Sophie<\/td>\n<td style=\"text-align: center;\">Pierre<\/td>\n<td style=\"text-align: center;\">Iris<\/td>\n<td style=\"text-align: center;\">Wilfried<\/td>\n<td style=\"text-align: center;\">Cyril<\/td>\n<td style=\"text-align: center;\">Christopher<\/td>\n<td style=\"text-align: center;\">Cl\u00e9ment<\/td>\n<td style=\"text-align: center;\">Yann<\/td>\n<\/tr>\n<tr style=\"background-color: mediumslateblue;\">\n<td style=\"text-align: center; color: gold; background-color: royalblue;\">Gertosio<\/td>\n<td style=\"text-align: center;\">Dupont<\/td>\n<td style=\"text-align: center;\">De Kerhor<\/td>\n<td style=\"text-align: center;\">Schiettekatte<\/td>\n<td style=\"text-align: center;\">Le Brech<\/td>\n<td style=\"text-align: center;\">Le Picard<\/td>\n<td style=\"text-align: center;\">Heudre<\/td>\n<td style=\"text-align: center;\">Bourgeois<\/td>\n<\/tr>\n<tr style=\"background-color: mediumpurple;\">\n<td style=\"text-align: center;\" rowspan=\"2\">2005\/2006<\/td>\n<td style=\"text-align: center;\" rowspan=\"2\">5<\/td>\n<td style=\"text-align: center;\" rowspan=\"2\">88<\/td>\n<td style=\"text-align: center; color: gold; background-color: royalblue;\">Jean<\/td>\n<td style=\"text-align: center;\">Eric<\/td>\n<td style=\"text-align: center;\">Wilfried<\/td>\n<td style=\"text-align: center;\">R\u00e9gis<\/td>\n<td style=\"text-align: center;\">Jason<\/td>\n<td style=\"text-align: center;\">Jean<\/td>\n<td style=\"text-align: center;\">Cyril<\/td>\n<td style=\"text-align: center;\">Paul<\/td>\n<\/tr>\n<tr style=\"background-color: mediumpurple;\">\n<td style=\"text-align: center; color: gold; background-color: royalblue;\">Quiniou<\/td>\n<td style=\"text-align: center;\">Cormon<\/td>\n<td style=\"text-align: center;\">Schiettekatte<\/td>\n<td style=\"text-align: center;\">Alcantara<\/td>\n<td style=\"text-align: center;\">Adamwoski<\/td>\n<td style=\"text-align: center;\">Leforestier<\/td>\n<td style=\"text-align: center;\">Le Brech<\/td>\n<td style=\"text-align: center;\">Coussement<\/td>\n<\/tr>\n<tr style=\"background-color: mediumslateblue;\">\n<td style=\"text-align: center;\" rowspan=\"2\">2004\/2005<\/td>\n<td style=\"text-align: center;\" rowspan=\"2\">6<\/td>\n<td style=\"text-align: center;\" rowspan=\"2\">87<\/td>\n<td style=\"text-align: center;\">Eric<\/td>\n<td style=\"text-align: center;\">Franck<\/td>\n<td style=\"text-align: center; color: gold; background-color: royalblue;\">Matthieu<\/td>\n<td style=\"text-align: center;\">Wilfried<\/td>\n<td style=\"text-align: center;\">Benjamin<\/td>\n<td style=\"text-align: center;\">Rapha\u00ebl<\/td>\n<td style=\"text-align: center;\">Mathieu<\/td>\n<td style=\"text-align: center;\">Alexandre<\/td>\n<\/tr>\n<tr style=\"background-color: mediumslateblue;\">\n<td style=\"text-align: center;\">Cormon<\/td>\n<td style=\"text-align: center;\">Radina<\/td>\n<td style=\"text-align: center; color: gold; background-color: royalblue;\">Lemaire<\/td>\n<td style=\"text-align: center;\">Schiettekatte<\/td>\n<td style=\"text-align: center;\">Dancoine<\/td>\n<td style=\"text-align: center;\">Diener<\/td>\n<td style=\"text-align: center;\">Le Masson<\/td>\n<td style=\"text-align: center;\">Alberti<\/td>\n<\/tr>\n<\/tbody>\n<\/table>\n","protected":false},"excerpt":{"rendered":"<p>Edition actuelle Editions pr\u00e9c\u00e9dentes Galerie photos Organis\u00e9 par le CDJEO, \u00ab\u00a0le GPO\u00a0\u00bb, Grand Prix de l&rsquo;Oise, est une comp\u00e9tition conviviale,<\/p>\n","protected":false},"author":1,"featured_media":0,"parent":0,"menu_order":0,"comment_status":"closed","ping_status":"closed","template":"","meta":{"colormag_page_container_layout":"default_layout","colormag_page_sidebar_layout":"default_layout","jetpack_post_was_ever_published":false,"footnotes":""},"class_list":["post-8","page","type-page","status-publish","hentry"],"jetpack_sharing_enabled":false,"jetpack_shortlink":"https:\/\/wp.me\/P90hcv-8","_links":{"self":[{"href":"http:\/\/oise-echecs.fr\/index.php?rest_route=\/wp\/v2\/pages\/8","targetHints":{"allow":["GET"]}}],"collection":[{"href":"http:\/\/oise-echecs.fr\/index.php?rest_route=\/wp\/v2\/pages"}],"about":[{"href":"http:\/\/oise-echecs.fr\/index.php?rest_route=\/wp\/v2\/types\/page"}],"author":[{"embeddable":true,"href":"http:\/\/oise-echecs.fr\/index.php?rest_route=\/wp\/v2\/users\/1"}],"replies":[{"embeddable":true,"href":"http:\/\/oise-echecs.fr\/index.php?rest_route=%2Fwp%2Fv2%2Fcomments&post=8"}],"version-history":[{"count":459,"href":"http:\/\/oise-echecs.fr\/index.php?rest_route=\/wp\/v2\/pages\/8\/revisions"}],"predecessor-version":[{"id":12397,"href":"http:\/\/oise-echecs.fr\/index.php?rest_route=\/wp\/v2\/pages\/8\/revisions\/12397"}],"wp:attachment":[{"href":"http:\/\/oise-echecs.fr\/index.php?rest_route=%2Fwp%2Fv2%2Fmedia&parent=8"}],"curies":[{"name":"wp","href":"https:\/\/api.w.org\/{rel}","templated":true}]}}