{"id":10022,"date":"2021-05-30T14:37:28","date_gmt":"2021-05-30T13:37:28","guid":{"rendered":"http:\/\/oise-echecs.fr\/?page_id=10022"},"modified":"2024-10-20T20:29:30","modified_gmt":"2024-10-20T19:29:30","slug":"pedagogie","status":"publish","type":"page","link":"https:\/\/oise-echecs.fr\/?page_id=10022","title":{"rendered":"RESSOURCES > P\u00e9dagogie"},"content":{"rendered":"<hr \/>\n<p><em>Des liens pour t\u00e9l\u00e9charger des livres et revues propos\u00e9s gratuitement en ligne par leur auteurs.<\/em><\/p>\n<hr \/>\n<p>Deux livres d&rsquo;exercices de R\u00e9gis Warisse depuis le site <a href=\"http:\/\/www.creachess.com\/\" target=\"_blank\" rel=\"noopener\">creachess.com<\/a> :<\/p>\n<ul>\n<li><a href=\"http:\/\/www.creachess.com\/livres\/imgs\/livres-gratuits\/livre-1000-exercices-et-puzzles-echecs.pdf\" target=\"_blank\" rel=\"noopener\">1000 exercices et puzzles d&rsquo;\u00e9checs<\/a><\/li>\n<li><a href=\"http:\/\/www.creachess.com\/livres\/imgs\/livres-gratuits\/1000-exercices-echecs-mat-en-2-vol-2.pdf\" target=\"_blank\" rel=\"noopener\">1000 exercices d&rsquo;\u00e9checs sp\u00e9cial Mat en 2 coups &#8211; Vol. 2<\/a><\/li>\n<\/ul>\n<hr \/>\n<p>Un livre d&rsquo;initiation avec des fiches d&rsquo;exercices de Fr\u00e9d\u00e9ric Bielik &#8211; F\u00e9d\u00e9ration Echiqu\u00e9enne Francophone de Belgique :<\/p>\n<ul>\n<li><a href=\"https:\/\/www.fefb.be\/images\/Documents\/Syllabus.pdf\" target=\"_blank\" rel=\"noopener\">Cours de jeu d&rsquo;\u00e9checs &#8211; Th\u00e9orie et exercices<\/a><\/li>\n<\/ul>\n<hr \/>\n<p>Un manuel d&rsquo;initiation du CREB (Cercle Royal d&rsquo;Echecs de Bruxelles) 336 pages avec notament des th\u00e8mes expliqu\u00e9s et de nombreux exercices :<\/p>\n<ul>\n<li><a href=\"https:\/\/www.wavre-echecs.be\/download\/creb\/tome7.pdf\" target=\"_blank\" rel=\"noopener\">Initiation au jeu d&rsquo;\u00e9checs &#8211; 5\u00e8me \u00e9dition<\/a><\/li>\n<\/ul>\n<hr \/>\n<p>Un manuel de 40 le\u00e7ons et 129 pages par Jean-Christian Galli &#8211; Ligue corse des \u00e9checs :<\/p>\n<ul>\n<li><a href=\"https:\/\/drive.google.com\/file\/d\/0B6Uwn-CRRjnZRjRSMVI0aERIbHc\/edit\" target=\"_blank\" rel=\"noopener\">Manuel des Echecs<\/a><\/li>\n<\/ul>\n<hr \/>\n<p>Des exemplaires de la revue \u00ab\u00a0\u00e9chec &amp; mat junior\u00a0\u00bb &#8211; F\u00e9d\u00e9ration Fran\u00e7aise : <a href=\"http:\/\/www.echecs.asso.fr\/revues.aspx\" target=\"_blank\" rel=\"noopener\">http:\/\/www.echecs.asso.fr\/revues.aspx<\/a><\/p>\n<hr \/>\n<p>Plus d&rsquo;une centaine de revues \u00ab\u00a0Scholar&rsquo;s Mate\u00a0\u00bb (en anglais) t\u00e9l\u00e9chargeables depuis le site <a href=\"https:\/\/chess-math.org\/scholars-mate?page=5\" target=\"_blank\" rel=\"noopener\">Chess&rsquo;n Math Association<\/a> &#8211; Canada<\/p>\n<hr \/>\n<p>Des bulletins <a href=\"https:\/\/valois-echecs.fr\/le-rendez-vous-des-echecs\/\" target=\"_blank\" rel=\"noopener\">\u00ab\u00a0Le Rendez-vous des Echecs\u00a0\u00bb<\/a>, projet initi\u00e9 par le club \u00ab\u00a0Le Roi Rouge\u00a0\u00bb, qui sont publi\u00e9s au format pdf sur le site du club Valois Echecs.<\/p>\n<hr \/>\n<p>Un petit magazine tr\u00e8s bien pr\u00e9sent\u00e9 et librement t\u00e9l\u00e9chargeable <a href=\"https:\/\/la-gazette-des-echecs.com\/\" target=\"_blank\" rel=\"noopener\">La Gazette des Echecs<\/a><\/p>\n","protected":false},"excerpt":{"rendered":"<p>Des liens pour t\u00e9l\u00e9charger des livres et revues propos\u00e9s gratuitement en ligne par leur auteurs. Deux livres d&rsquo;exercices de R\u00e9gis<\/p>\n","protected":false},"author":1,"featured_media":0,"parent":9983,"menu_order":0,"comment_status":"closed","ping_status":"closed","template":"","meta":{"colormag_page_container_layout":"default_layout","colormag_page_sidebar_layout":"default_layout","jetpack_post_was_ever_published":false,"footnotes":""},"class_list":["post-10022","page","type-page","status-publish","hentry"],"jetpack_sharing_enabled":false,"jetpack_shortlink":"https:\/\/wp.me\/P90hcv-2BE","_links":{"self":[{"href":"https:\/\/oise-echecs.fr\/index.php?rest_route=\/wp\/v2\/pages\/10022","targetHints":{"allow":["GET"]}}],"collection":[{"href":"https:\/\/oise-echecs.fr\/index.php?rest_route=\/wp\/v2\/pages"}],"about":[{"href":"https:\/\/oise-echecs.fr\/index.php?rest_route=\/wp\/v2\/types\/page"}],"author":[{"embeddable":true,"href":"https:\/\/oise-echecs.fr\/index.php?rest_route=\/wp\/v2\/users\/1"}],"replies":[{"embeddable":true,"href":"https:\/\/oise-echecs.fr\/index.php?rest_route=%2Fwp%2Fv2%2Fcomments&post=10022"}],"version-history":[{"count":28,"href":"https:\/\/oise-echecs.fr\/index.php?rest_route=\/wp\/v2\/pages\/10022\/revisions"}],"predecessor-version":[{"id":12308,"href":"https:\/\/oise-echecs.fr\/index.php?rest_route=\/wp\/v2\/pages\/10022\/revisions\/12308"}],"up":[{"embeddable":true,"href":"https:\/\/oise-echecs.fr\/index.php?rest_route=\/wp\/v2\/pages\/9983"}],"wp:attachment":[{"href":"https:\/\/oise-echecs.fr\/index.php?rest_route=%2Fwp%2Fv2%2Fmedia&parent=10022"}],"curies":[{"name":"wp","href":"https:\/\/api.w.org\/{rel}","templated":true}]}}