{"id":451,"date":"2014-03-18T09:43:01","date_gmt":"2014-03-18T08:43:01","guid":{"rendered":"http:\/\/oise-echecs.fr\/?page_id=451"},"modified":"2025-02-04T18:45:38","modified_gmt":"2025-02-04T17:45:38","slug":"echiquier-beauvaisien","status":"publish","type":"page","link":"https:\/\/oise-echecs.fr\/?page_id=451","title":{"rendered":"Echiquier Beauvaisien"},"content":{"rendered":"<p>L&rsquo;Echiqu<a href=\"http:\/\/www.echiquier-beauvaisien.org\" target=\"_blank\" rel=\"noopener noreferrer\"><img loading=\"lazy\" decoding=\"async\" class=\"size-full wp-image-4061 alignright\" src=\"http:\/\/oise-echecs.fr\/wp-content\/uploads\/2016\/09\/logo_echec_bvs.gif\" alt=\"logo_echec_bvs\" width=\"305\" height=\"212\" \/><\/a>ier Beauvaisien se r\u00e9unit tous les samedis de 14h15 \u00e0 19h00 \u00e0 <strong>l&rsquo;ancienne mairie de Marissel &#8211; 166, rue de Marissel &#8211; 60000 Beauvais<\/strong><\/p>\n<p>Chacun peut progresser \u00e0 son rythme en rencontrant des adversaires de diff\u00e9rents niveaux.<\/p>\n<p>Le club compte plus de 100 licenci\u00e9(e)s de tout \u00e2ge.<\/p>\n<p>Venez les rejoindre pour pratiquer les \u00e9checs en \u00ab\u00a0loisir\u00a0\u00bb ou en \u00ab\u00a0comp\u00e9tition\u00a0\u00bb.<\/p>\n<p>Le club propose \u00e9galement des cours pour les jeunes :<\/p>\n<ul>\n<li>Le samedi de 14h30 \u00e0 15h00 &#8211; enfants de 5 \u00e0 8 ans &#8211; Groupe 1 &#8211; Initiation<\/li>\n<li>Le samedi de 16h00 \u00e0 16h30 &#8211; enfants de 8 \u00e0 12 ans &#8211; Groupe 2 &#8211; Perfectionnement<\/li>\n<li>Le samedi de 16h30 \u00e0 17h30 &#8211; enfants 12 ans et plus &#8211; Groupe 3 &#8211; Comp\u00e9tition<\/li>\n<\/ul>\n<p>Les enfants des groupes 1 et 2 peuvent venir disputer des parties encadr\u00e9es par des animateurs(rices) du club de 15h00 \u00e0 16h00.<\/p>\n<p style=\"padding-left: 30px;\"><strong>Site web<\/strong> : <a href=\"http:\/\/www.echiquier-beauvaisien.fr\" target=\"_blank\" rel=\"noopener noreferrer\">http:\/\/www.echiquier-beauvaisien.fr<\/a><\/p>\n<p style=\"padding-left: 30px;\"><strong>Contact <\/strong>: M. Jacques Dumoulin, pr\u00e9sident du club<\/p>\n<p style=\"padding-left: 30px;\"><strong>T\u00e9l<\/strong> : 06 99 61 55 42<\/p>\n<p style=\"padding-left: 30px;\"><strong>Email<\/strong> : president.echiquier.beauvaisien@gmail.com<\/p>\n<p style=\"padding-left: 30px;\"><strong><a href=\"http:\/\/echecs.asso.fr\/FicheClub.aspx?Ref=1498\" target=\"_blanck\" rel=\"noopener noreferrer\">Raccourci vers la page de la FFE<\/a><\/strong><\/p>\n<p style=\"padding-left: 30px;\">\n","protected":false},"excerpt":{"rendered":"<p>L&rsquo;Echiquier Beauvaisien se r\u00e9unit tous les samedis de 14h15 \u00e0 19h00 \u00e0 l&rsquo;ancienne mairie de Marissel &#8211; 166, rue de<\/p>\n","protected":false},"author":1,"featured_media":0,"parent":6,"menu_order":0,"comment_status":"closed","ping_status":"closed","template":"","meta":{"colormag_page_container_layout":"default_layout","colormag_page_sidebar_layout":"default_layout","jetpack_post_was_ever_published":false,"footnotes":""},"class_list":["post-451","page","type-page","status-publish","hentry"],"jetpack_sharing_enabled":true,"jetpack_shortlink":"https:\/\/wp.me\/P90hcv-7h","_links":{"self":[{"href":"https:\/\/oise-echecs.fr\/index.php?rest_route=\/wp\/v2\/pages\/451","targetHints":{"allow":["GET"]}}],"collection":[{"href":"https:\/\/oise-echecs.fr\/index.php?rest_route=\/wp\/v2\/pages"}],"about":[{"href":"https:\/\/oise-echecs.fr\/index.php?rest_route=\/wp\/v2\/types\/page"}],"author":[{"embeddable":true,"href":"https:\/\/oise-echecs.fr\/index.php?rest_route=\/wp\/v2\/users\/1"}],"replies":[{"embeddable":true,"href":"https:\/\/oise-echecs.fr\/index.php?rest_route=%2Fwp%2Fv2%2Fcomments&post=451"}],"version-history":[{"count":39,"href":"https:\/\/oise-echecs.fr\/index.php?rest_route=\/wp\/v2\/pages\/451\/revisions"}],"predecessor-version":[{"id":12627,"href":"https:\/\/oise-echecs.fr\/index.php?rest_route=\/wp\/v2\/pages\/451\/revisions\/12627"}],"up":[{"embeddable":true,"href":"https:\/\/oise-echecs.fr\/index.php?rest_route=\/wp\/v2\/pages\/6"}],"wp:attachment":[{"href":"https:\/\/oise-echecs.fr\/index.php?rest_route=%2Fwp%2Fv2%2Fmedia&parent=451"}],"curies":[{"name":"wp","href":"https:\/\/api.w.org\/{rel}","templated":true}]}}