{"id":453,"date":"2014-03-18T09:44:20","date_gmt":"2014-03-18T08:44:20","guid":{"rendered":"http:\/\/oise-echecs.fr\/?page_id=453"},"modified":"2025-10-28T11:13:35","modified_gmt":"2025-10-28T10:13:35","slug":"ajec","status":"publish","type":"page","link":"https:\/\/oise-echecs.fr\/?page_id=453","title":{"rendered":"Arcole Echecs Compi\u00e8gne"},"content":{"rendered":"<p>Le club de Compi\u00e8gne vous accueille pour un entra\u00eenement tous les mercredis de 16h30 \u00e0 22 heures tous les samedis de 14 \u00e0 18 heures.<\/p>\n<p>Cours <strong>gratuits<\/strong> pour les jeunes.<\/p>\n<p>Salles annexes de l&rsquo;H\u00f4tel de Ville, 2 rue de la Surveillance.<\/p>\n<h5>Contacts<\/h5>\n<p>Pr\u00e9sident\u00a0 \u00a0 \u00a0 \u00a0 \u00a0 \u00a0 \u00a0 \u00a0Ghislain Longuet<br \/>\n60200 Compi\u00e8gne<br \/>\n06 84 85 04 68<br \/>\n<a href=\"mailto:ghislain.longuet@gmail.com\" target=\"_blank\" rel=\"noopener\">ghislain.longuet@gmail.com<\/a><\/p>\n<hr \/>\n<p style=\"padding-left: 30px;\"><strong><a href=\"http:\/\/echecs.asso.fr\/FicheClub.aspx?Ref=1504\" target=\"_blanck\" rel=\"noopener\">Fiche du club sur le site de la FFE<\/a><\/strong><\/p>\n","protected":false},"excerpt":{"rendered":"<p>Le club de Compi\u00e8gne vous accueille pour un entra\u00eenement tous les mercredis de 16h30 \u00e0 22 heures tous les samedis<\/p>\n","protected":false},"author":1,"featured_media":0,"parent":6,"menu_order":0,"comment_status":"closed","ping_status":"closed","template":"","meta":{"colormag_page_container_layout":"default_layout","colormag_page_sidebar_layout":"default_layout","jetpack_post_was_ever_published":false,"footnotes":""},"class_list":["post-453","page","type-page","status-publish","hentry"],"jetpack_sharing_enabled":true,"jetpack_shortlink":"https:\/\/wp.me\/P90hcv-7j","_links":{"self":[{"href":"https:\/\/oise-echecs.fr\/index.php?rest_route=\/wp\/v2\/pages\/453","targetHints":{"allow":["GET"]}}],"collection":[{"href":"https:\/\/oise-echecs.fr\/index.php?rest_route=\/wp\/v2\/pages"}],"about":[{"href":"https:\/\/oise-echecs.fr\/index.php?rest_route=\/wp\/v2\/types\/page"}],"author":[{"embeddable":true,"href":"https:\/\/oise-echecs.fr\/index.php?rest_route=\/wp\/v2\/users\/1"}],"replies":[{"embeddable":true,"href":"https:\/\/oise-echecs.fr\/index.php?rest_route=%2Fwp%2Fv2%2Fcomments&post=453"}],"version-history":[{"count":19,"href":"https:\/\/oise-echecs.fr\/index.php?rest_route=\/wp\/v2\/pages\/453\/revisions"}],"predecessor-version":[{"id":13245,"href":"https:\/\/oise-echecs.fr\/index.php?rest_route=\/wp\/v2\/pages\/453\/revisions\/13245"}],"up":[{"embeddable":true,"href":"https:\/\/oise-echecs.fr\/index.php?rest_route=\/wp\/v2\/pages\/6"}],"wp:attachment":[{"href":"https:\/\/oise-echecs.fr\/index.php?rest_route=%2Fwp%2Fv2%2Fmedia&parent=453"}],"curies":[{"name":"wp","href":"https:\/\/api.w.org\/{rel}","templated":true}]}}