{"id":460,"date":"2014-03-18T09:45:59","date_gmt":"2014-03-18T08:45:59","guid":{"rendered":"http:\/\/oise-echecs.fr\/?page_id=460"},"modified":"2018-07-31T09:44:40","modified_gmt":"2018-07-31T08:44:40","slug":"e3p-plateau-picard-maignelay-montigny","status":"publish","type":"page","link":"https:\/\/oise-echecs.fr\/?page_id=460","title":{"rendered":"E3P Plateau Picard Maignelay-Montigny"},"content":{"rendered":"<p style=\"padding-left: 30px;\">Le club E3P Echecs et Pat du Plateau Picard vous accueille tous les vendredis \u00e0 partir de 19h30 \u00e0 l&rsquo;espace Duquesnel (situ\u00e9 \u00e0 l&rsquo;intersection de la rue de St-Just et de la rue du G\u00e9n\u00e9ral Leclerc).<\/p>\n<p style=\"padding-left: 30px;\">Le club compte une vingtaine d\u2019adh\u00e9rents de diff\u00e9rents niveaux.<\/p>\n<p>Un document sur le club : <a href=\"http:\/\/oise-echecs.fr\/wp-content\/uploads\/2017\/07\/E3P-Article-CDJEO-Juillet-2017.pdf\" target=\"_blanck\">E3P -Article CDJEO &#8211; Juillet 2017<\/a><\/p>\n<p>Informations du club (31\/07\/2018) :\u00a0\u00a0<a href=\"http:\/\/oise-echecs.fr\/wp-content\/uploads\/2018\/07\/Article-FLASH-Juillet-2018-V2-1.pdf\" target=\"_blank\" rel=\"noopener\">Article FLASH &#8211; Juillet 2018 &#8211; V2<\/a><\/p>\n<p style=\"padding-left: 30px;\"><strong>Contact :<\/strong><\/p>\n<ul>\n<li>Alain CAPRON \u00a003 44 51 27 54 \u00a0 \u00a0<strong><a href=\"mailto:norpaca@aol.com\">norpaca@aol.com<\/a><\/strong><\/li>\n<li>Marc Cochet \u00a0 \u00a0 \u00a003 44 78 86 45 \u00a0 \u00a0<strong><a href=\"mailto:marccochet@neuf.fr\">marccochet@neuf.fr<\/a><\/strong><\/li>\n<\/ul>\n<p style=\"padding-left: 30px;\"><strong><a href=\"http:\/\/echecs.asso.fr\/FicheClub.aspx?Ref=1511\" target=\"_blanck\">Raccourci vers la page de la FFE<\/a><\/strong><\/p>\n","protected":false},"excerpt":{"rendered":"<p>Le club E3P Echecs et Pat du Plateau Picard vous accueille tous les vendredis \u00e0 partir de 19h30 \u00e0 l&rsquo;espace<\/p>\n","protected":false},"author":1,"featured_media":0,"parent":6,"menu_order":0,"comment_status":"closed","ping_status":"closed","template":"","meta":{"colormag_page_container_layout":"default_layout","colormag_page_sidebar_layout":"default_layout","jetpack_post_was_ever_published":false,"footnotes":""},"class_list":["post-460","page","type-page","status-publish","hentry"],"jetpack_sharing_enabled":true,"jetpack_shortlink":"https:\/\/wp.me\/P90hcv-7q","_links":{"self":[{"href":"https:\/\/oise-echecs.fr\/index.php?rest_route=\/wp\/v2\/pages\/460","targetHints":{"allow":["GET"]}}],"collection":[{"href":"https:\/\/oise-echecs.fr\/index.php?rest_route=\/wp\/v2\/pages"}],"about":[{"href":"https:\/\/oise-echecs.fr\/index.php?rest_route=\/wp\/v2\/types\/page"}],"author":[{"embeddable":true,"href":"https:\/\/oise-echecs.fr\/index.php?rest_route=\/wp\/v2\/users\/1"}],"replies":[{"embeddable":true,"href":"https:\/\/oise-echecs.fr\/index.php?rest_route=%2Fwp%2Fv2%2Fcomments&post=460"}],"version-history":[{"count":17,"href":"https:\/\/oise-echecs.fr\/index.php?rest_route=\/wp\/v2\/pages\/460\/revisions"}],"predecessor-version":[{"id":6735,"href":"https:\/\/oise-echecs.fr\/index.php?rest_route=\/wp\/v2\/pages\/460\/revisions\/6735"}],"up":[{"embeddable":true,"href":"https:\/\/oise-echecs.fr\/index.php?rest_route=\/wp\/v2\/pages\/6"}],"wp:attachment":[{"href":"https:\/\/oise-echecs.fr\/index.php?rest_route=%2Fwp%2Fv2%2Fmedia&parent=460"}],"curies":[{"name":"wp","href":"https:\/\/api.w.org\/{rel}","templated":true}]}}