{"id":466,"date":"2014-03-18T09:47:38","date_gmt":"2014-03-18T08:47:38","guid":{"rendered":"http:\/\/oise-echecs.fr\/?page_id=466"},"modified":"2026-01-27T13:03:45","modified_gmt":"2026-01-27T12:03:45","slug":"lechiquier-maxipontain","status":"publish","type":"page","link":"https:\/\/oise-echecs.fr\/?page_id=466","title":{"rendered":"Echiquier Maxipontain"},"content":{"rendered":"<p style=\"padding-left: 30px;\">L&rsquo;Echiquier Maxipontain se se r\u00e9unit tous les jeudis de 18h00 \u00e0 22h00.<\/p>\n<p>\u00a0 \u00a0 \u00a0 \u00a0 Le mercredi sauf vacances scolaires \u00e9cole d&rsquo;\u00e9checs de 15h \u00e0 18h<\/p>\n<p style=\"padding-left: 30px;\">Le club se trouve au \u00a09 place d&rsquo;Armes \u00e0 Pont\u00a0Sainte Maxence.<\/p>\n<p>\u00a0 \u00a0 \u00a0 \u00a0 Loisirs et comp\u00e9titions, masculins et f\u00e9minins.<\/p>\n<p>Adresse du si\u00e8ge social 15 rue Charles Frigaux\u00a0 60700 Pont Sainte Maxence.<\/p>\n<p style=\"padding-left: 30px;\"><strong>Contact<\/strong> : Bernard Pascal\u00a0 \u00a006 13 60 35 72\u00a0 \u00a0\u00a0<a href=\"mailto:pbernard60@gmail.com\" target=\"_blank\" rel=\"noopener\">pbernard60@gmail.com<\/a><\/p>\n<p style=\"padding-left: 30px;\"><strong><a href=\"http:\/\/echecs.asso.fr\/FicheClub.aspx?Ref=1760\" target=\"_blanck\">Raccourci vers la page de la FFE<\/a><\/strong><\/p>\n","protected":false},"excerpt":{"rendered":"<p>L&rsquo;Echiquier Maxipontain se se r\u00e9unit tous les jeudis de 18h00 \u00e0 22h00. \u00a0 \u00a0 \u00a0 \u00a0 Le mercredi sauf vacances<\/p>\n","protected":false},"author":1,"featured_media":0,"parent":6,"menu_order":0,"comment_status":"closed","ping_status":"closed","template":"","meta":{"colormag_page_container_layout":"default_layout","colormag_page_sidebar_layout":"default_layout","jetpack_post_was_ever_published":false,"footnotes":""},"class_list":["post-466","page","type-page","status-publish","hentry"],"jetpack_sharing_enabled":true,"jetpack_shortlink":"https:\/\/wp.me\/P90hcv-7w","_links":{"self":[{"href":"https:\/\/oise-echecs.fr\/index.php?rest_route=\/wp\/v2\/pages\/466","targetHints":{"allow":["GET"]}}],"collection":[{"href":"https:\/\/oise-echecs.fr\/index.php?rest_route=\/wp\/v2\/pages"}],"about":[{"href":"https:\/\/oise-echecs.fr\/index.php?rest_route=\/wp\/v2\/types\/page"}],"author":[{"embeddable":true,"href":"https:\/\/oise-echecs.fr\/index.php?rest_route=\/wp\/v2\/users\/1"}],"replies":[{"embeddable":true,"href":"https:\/\/oise-echecs.fr\/index.php?rest_route=%2Fwp%2Fv2%2Fcomments&post=466"}],"version-history":[{"count":16,"href":"https:\/\/oise-echecs.fr\/index.php?rest_route=\/wp\/v2\/pages\/466\/revisions"}],"predecessor-version":[{"id":13421,"href":"https:\/\/oise-echecs.fr\/index.php?rest_route=\/wp\/v2\/pages\/466\/revisions\/13421"}],"up":[{"embeddable":true,"href":"https:\/\/oise-echecs.fr\/index.php?rest_route=\/wp\/v2\/pages\/6"}],"wp:attachment":[{"href":"https:\/\/oise-echecs.fr\/index.php?rest_route=%2Fwp%2Fv2%2Fmedia&parent=466"}],"curies":[{"name":"wp","href":"https:\/\/api.w.org\/{rel}","templated":true}]}}