{"id":468,"date":"2014-03-18T09:48:24","date_gmt":"2014-03-18T08:48:24","guid":{"rendered":"http:\/\/oise-echecs.fr\/?page_id=468"},"modified":"2025-02-07T09:05:46","modified_gmt":"2025-02-07T08:05:46","slug":"les-tours-infernales-de-saint-just-en-chaussee","status":"publish","type":"page","link":"https:\/\/oise-echecs.fr\/?page_id=468","title":{"rendered":"Les Tours Infernales de Saint-Just-en-Chauss\u00e9e"},"content":{"rendered":"<p style=\"padding-left: 120px;\"><strong>Nouveau site web<\/strong> : <a href=\"https:\/\/www.lestoursinfernales.fr\/\" target=\"_blank\" rel=\"noopener\"><strong>lestoursinfernales.fr<\/strong><\/a><img loading=\"lazy\" decoding=\"async\" class=\"wp-image-12642 size-medium aligncenter\" src=\"http:\/\/oise-echecs.fr\/wp-content\/uploads\/2025\/02\/Logo-Les-tours-infernales_logo-noir-1536x1536-1-300x300.png\" alt=\"\" width=\"300\" height=\"300\" srcset=\"https:\/\/oise-echecs.fr\/wp-content\/uploads\/2025\/02\/Logo-Les-tours-infernales_logo-noir-1536x1536-1-300x300.png 300w, https:\/\/oise-echecs.fr\/wp-content\/uploads\/2025\/02\/Logo-Les-tours-infernales_logo-noir-1536x1536-1-1024x1024.png 1024w, https:\/\/oise-echecs.fr\/wp-content\/uploads\/2025\/02\/Logo-Les-tours-infernales_logo-noir-1536x1536-1-150x150.png 150w, https:\/\/oise-echecs.fr\/wp-content\/uploads\/2025\/02\/Logo-Les-tours-infernales_logo-noir-1536x1536-1-768x768.png 768w, https:\/\/oise-echecs.fr\/wp-content\/uploads\/2025\/02\/Logo-Les-tours-infernales_logo-noir-1536x1536-1.png 1536w\" sizes=\"auto, (max-width: 300px) 100vw, 300px\" \/><\/p>\n<p style=\"padding-left: 120px;\">Le club vous accueille :<\/p>\n<ul>\n<li style=\"list-style-type: none;\">\n<ul>\n<li style=\"list-style-type: none;\">\n<ul>\n<li style=\"list-style-type: none;\">\n<ul>\n<li><em>tous les vendredis \u00e0 partir de 20h30 jusqu\u2019\u00e0 minuit et +<br \/>\n<\/em><\/li>\n<li><em>les samedis de 15h00 \u00e0 18h30 <\/em><\/li>\n<\/ul>\n<\/li>\n<\/ul>\n<\/li>\n<\/ul>\n<\/li>\n<\/ul>\n<p style=\"padding-left: 120px;\">Les cours dispens\u00e9s aux jeunes ont lieu le samedi apr\u00e8s-midi.<\/p>\n<p style=\"padding-left: 120px;\"><strong>Salle :<\/strong> Centre Socio Culturel &#8211; Rue Foch (\u00e0 c\u00f4t\u00e9 du cin\u00e9ma)<\/p>\n<p style=\"text-align: left; padding-left: 120px;\"><span style=\"line-height: 1.5em;\"><strong>Contact<\/strong> : MAUPIN Gervais &#8211; 07 50 88 48 79 &#8211; <\/span> <em>Adresse mail <\/em> : <strong><a href=\"mailto:gervais.maupin@orange.fr\">gervais.maupin@orange.fr<\/a><\/strong><\/p>\n<p style=\"text-align: left; padding-left: 110px;\"><strong><a href=\"http:\/\/echecs.asso.fr\/FicheClub.aspx?Ref=1808\" target=\"_blanck\" rel=\"noopener noreferrer\">Raccourci vers la page de la FFE<\/a><\/strong><\/p>\n<p style=\"padding-left: 80px;\">\n","protected":false},"excerpt":{"rendered":"<p>Nouveau site web : lestoursinfernales.fr Le club vous accueille : tous les vendredis \u00e0 partir de 20h30 jusqu\u2019\u00e0 minuit et<\/p>\n","protected":false},"author":1,"featured_media":0,"parent":6,"menu_order":0,"comment_status":"closed","ping_status":"closed","template":"","meta":{"colormag_page_container_layout":"default_layout","colormag_page_sidebar_layout":"default_layout","jetpack_post_was_ever_published":false,"footnotes":""},"class_list":["post-468","page","type-page","status-publish","hentry"],"jetpack_sharing_enabled":true,"jetpack_shortlink":"https:\/\/wp.me\/P90hcv-7y","_links":{"self":[{"href":"https:\/\/oise-echecs.fr\/index.php?rest_route=\/wp\/v2\/pages\/468","targetHints":{"allow":["GET"]}}],"collection":[{"href":"https:\/\/oise-echecs.fr\/index.php?rest_route=\/wp\/v2\/pages"}],"about":[{"href":"https:\/\/oise-echecs.fr\/index.php?rest_route=\/wp\/v2\/types\/page"}],"author":[{"embeddable":true,"href":"https:\/\/oise-echecs.fr\/index.php?rest_route=\/wp\/v2\/users\/1"}],"replies":[{"embeddable":true,"href":"https:\/\/oise-echecs.fr\/index.php?rest_route=%2Fwp%2Fv2%2Fcomments&post=468"}],"version-history":[{"count":27,"href":"https:\/\/oise-echecs.fr\/index.php?rest_route=\/wp\/v2\/pages\/468\/revisions"}],"predecessor-version":[{"id":12646,"href":"https:\/\/oise-echecs.fr\/index.php?rest_route=\/wp\/v2\/pages\/468\/revisions\/12646"}],"up":[{"embeddable":true,"href":"https:\/\/oise-echecs.fr\/index.php?rest_route=\/wp\/v2\/pages\/6"}],"wp:attachment":[{"href":"https:\/\/oise-echecs.fr\/index.php?rest_route=%2Fwp%2Fv2%2Fmedia&parent=468"}],"curies":[{"name":"wp","href":"https:\/\/api.w.org\/{rel}","templated":true}]}}