{"id":8295,"date":"2019-11-25T12:09:24","date_gmt":"2019-11-25T11:09:24","guid":{"rendered":"http:\/\/oise-echecs.fr\/?page_id=8295"},"modified":"2024-10-16T12:26:03","modified_gmt":"2024-10-16T11:26:03","slug":"valois-echecs","status":"publish","type":"page","link":"https:\/\/oise-echecs.fr\/?page_id=8295","title":{"rendered":"Valois Echecs &#8211; Cr\u00e9py-en-Valois"},"content":{"rendered":"<p><a href=\"https:\/\/valois-echecs.clubeo.com\/\" target=\"_blank\" rel=\"noopener noreferrer\"><img loading=\"lazy\" decoding=\"async\" class=\"aligncenter wp-image-8369 size-medium\" src=\"http:\/\/oise-echecs.fr\/wp-content\/uploads\/2019\/12\/logo-valois-300x300.png\" alt=\"\" width=\"300\" height=\"300\" srcset=\"https:\/\/oise-echecs.fr\/wp-content\/uploads\/2019\/12\/logo-valois-300x300.png 300w, https:\/\/oise-echecs.fr\/wp-content\/uploads\/2019\/12\/logo-valois-150x150.png 150w, https:\/\/oise-echecs.fr\/wp-content\/uploads\/2019\/12\/logo-valois.png 408w\" sizes=\"auto, (max-width: 300px) 100vw, 300px\" \/><\/a><\/p>\n<hr \/>\n<p>Fr\u00e9d\u00e9ric Veber a cr\u00e9\u00e9 ce nouveau club \u00e0 Cr\u00e9py-en-Valois en octobre 2019. Le club voisin de Senlis et le Comit\u00e9 de l&rsquo;Oise lui apportent leur soutien pour son d\u00e9veloppement.<\/p>\n<p><img loading=\"lazy\" decoding=\"async\" class=\"wp-image-12050 size-full alignright\" src=\"http:\/\/oise-echecs.fr\/wp-content\/uploads\/2024\/10\/hotel-dorleans-de-crepy-en-valois-2.jpg\" alt=\"\" width=\"240\" height=\"159\" \/>Le club est ouvert le lundi et le dimanche \u00e0 l&rsquo;Hotel d&rsquo;Orleans 17 rue Jeanne d&rsquo;Arc \u00e0 Cr\u00e9py-en-Valois.<\/p>\n<ul>\n<li>Le lundi de 18h \u00e0 21h00<\/li>\n<li>Le dimanche de 10h00 \u00e0 12h00<\/li>\n<\/ul>\n<p>&nbsp;<\/p>\n<hr \/>\n<p><strong>Site web du club :<\/strong> <a href=\"https:\/\/valois-echecs.fr\" target=\"_blank\" rel=\"noopener\">https:\/\/valois-echecs.fr<\/a><\/p>\n<p><strong>Page Facebook du club :<\/strong> <a href=\"https:\/\/www.facebook.com\/clubechec.crepy\/\" target=\"_blank\" rel=\"noopener noreferrer\">https:\/\/www.facebook.com\/clubechec.crepy\/<\/a><\/p>\n<p><strong>Contact :<\/strong> Fr\u00e9d\u00e9ric Veber (Pr\u00e9sident)<\/p>\n<ul>\n<li style=\"list-style-type: none;\">\n<ul>\n<li><strong>T\u00e9l\u00e9phone :<\/strong> 06 84 34 47 01<\/li>\n<li><strong>Email : <span id=\"ctl00_ContentPlaceHolderMain_LabelEMail\"><a class=\"lien_texte\" href=\"mailto:president@valois-echecs.fr\">president@valois-echecs.fr<\/a><\/span><\/strong><\/li>\n<\/ul>\n<\/li>\n<\/ul>\n<p>Lien vers la page FFE : <a href=\"http:\/\/www.echecs.asso.fr\/FicheClub.aspx?Ref=3187\" target=\"_blank\" rel=\"noopener\">ICI<\/a><\/p>\n<hr \/>\n<p><a href=\"http:\/\/oise-echecs.fr\/wp-content\/uploads\/2019\/12\/466_Crepy_Mag_JANVIER_WEB_echec-et-mat.pdf\" target=\"_blank\" rel=\"noopener noreferrer\">Interview de Fr\u00e9d\u00e9ric dans Cr\u00e9py Mag &#8211; Janvier 2020<\/a><\/p>\n","protected":false},"excerpt":{"rendered":"<p>Fr\u00e9d\u00e9ric Veber a cr\u00e9\u00e9 ce nouveau club \u00e0 Cr\u00e9py-en-Valois en octobre 2019. Le club voisin de Senlis et le Comit\u00e9<\/p>\n","protected":false},"author":1,"featured_media":0,"parent":6,"menu_order":0,"comment_status":"closed","ping_status":"closed","template":"","meta":{"colormag_page_container_layout":"default_layout","colormag_page_sidebar_layout":"default_layout","jetpack_post_was_ever_published":false,"footnotes":""},"class_list":["post-8295","page","type-page","status-publish","hentry"],"jetpack_sharing_enabled":true,"jetpack_shortlink":"https:\/\/wp.me\/P90hcv-29N","_links":{"self":[{"href":"https:\/\/oise-echecs.fr\/index.php?rest_route=\/wp\/v2\/pages\/8295","targetHints":{"allow":["GET"]}}],"collection":[{"href":"https:\/\/oise-echecs.fr\/index.php?rest_route=\/wp\/v2\/pages"}],"about":[{"href":"https:\/\/oise-echecs.fr\/index.php?rest_route=\/wp\/v2\/types\/page"}],"author":[{"embeddable":true,"href":"https:\/\/oise-echecs.fr\/index.php?rest_route=\/wp\/v2\/users\/1"}],"replies":[{"embeddable":true,"href":"https:\/\/oise-echecs.fr\/index.php?rest_route=%2Fwp%2Fv2%2Fcomments&post=8295"}],"version-history":[{"count":30,"href":"https:\/\/oise-echecs.fr\/index.php?rest_route=\/wp\/v2\/pages\/8295\/revisions"}],"predecessor-version":[{"id":12052,"href":"https:\/\/oise-echecs.fr\/index.php?rest_route=\/wp\/v2\/pages\/8295\/revisions\/12052"}],"up":[{"embeddable":true,"href":"https:\/\/oise-echecs.fr\/index.php?rest_route=\/wp\/v2\/pages\/6"}],"wp:attachment":[{"href":"https:\/\/oise-echecs.fr\/index.php?rest_route=%2Fwp%2Fv2%2Fmedia&parent=8295"}],"curies":[{"name":"wp","href":"https:\/\/api.w.org\/{rel}","templated":true}]}}